{"id":547,"date":"2022-11-08T14:04:28","date_gmt":"2022-11-08T14:04:28","guid":{"rendered":"https:\/\/honeymoonslovenia.com\/?page_id=547"},"modified":"2023-05-03T13:27:40","modified_gmt":"2023-05-03T13:27:40","slug":"about-us","status":"publish","type":"page","link":"https:\/\/honeymoonslovenia.com\/de\/uber-uns\/","title":{"rendered":"\u00dcber uns"},"content":{"rendered":"<p>In den letzten zehn Jahren habe ich mit Kunden aus der Tourismusbranche gearbeitet und ihnen geholfen, unvergessliche Erlebnisse zu schaffen. Ich liebe es, mit Menschen zu arbeiten und herauszufinden, wie sie ticken, und niemand anderes so sehr wie frisch verheiratete Paare.<\/p>\n\n\n\n<p>Die Energie, mit der sie die Welt in Angriff nehmen, inspiriert mich, und Slowenien ist der perfekte Ort, um seine Flitterwochen dort zu verbringen.<\/p>\n\n\n\n<h2 class=\"wp-block-heading\">Mehr als nur ein fauler Tropenurlaub<\/h2>\n\n\n\n<p>Wenn man eine Hochzeitsreise plant, tappt man leicht in die Falle, das zu tun, was alle anderen auch tun. In ein nettes Strandresort in einem exotischen Inselland zu fahren und nichts zu tun, klingt auf den ersten Blick gut. Aber wir halten das f\u00fcr extrem langweilig - und Sie auch.<\/p>\n\n\n\n<p>Deshalb haben wir unsere Flitterwochen-Pakete f\u00fcr Slowenien so gestaltet, dass sie Ihnen und Ihrem Partner ein unvergleichliches Erlebnis bieten: Den Ort zu besuchen und wirklich zu erleben, an dem Sie sich befinden. Eine Gelegenheit, die Kultur, die Geschichte und die Sch\u00f6nheit Sloweniens zu erkunden und dabei noch Zeit f\u00fcr intime Flitterwochen zu haben.<\/p>\n\n\n\n<p>Wir wissen, dass es be\u00e4ngstigend sein kann, die ausgetretenen Pfade zu verlassen - aber es ist auch aufregend! Wir m\u00f6chten Ihnen dabei helfen, all diese Dinge zu erleben und Erinnerungen zu schaffen, die f\u00fcr immer bleiben.<\/p>\n\n\n\n<p>Machen Sie sich also keine Gedanken \u00fcber die Planung jedes einzelnen Details Ihrer Reise - das \u00fcbernehmen wir f\u00fcr Sie. Wir haben alle Vorkehrungen getroffen, damit Sie sich nur noch darum k\u00fcmmern m\u00fcssen, Ihre gemeinsame Zeit in einem der sch\u00f6nsten L\u00e4nder Europas zu genie\u00dfen.<\/p>\n\n\n\n<figure class=\"wp-block-image size-large\"><img loading=\"lazy\" decoding=\"async\" width=\"1024\" height=\"614\" src=\"https:\/\/honeymoonslovenia.com\/wp-content\/uploads\/couple-zelenci-1024x614.webp\" alt=\"\" class=\"wp-image-249\" srcset=\"https:\/\/honeymoonslovenia.com\/wp-content\/uploads\/couple-zelenci-1024x614.webp 1024w, https:\/\/honeymoonslovenia.com\/wp-content\/uploads\/couple-zelenci-300x180.webp 300w, https:\/\/honeymoonslovenia.com\/wp-content\/uploads\/couple-zelenci-768x461.webp 768w, https:\/\/honeymoonslovenia.com\/wp-content\/uploads\/couple-zelenci-1536x922.webp 1536w, https:\/\/honeymoonslovenia.com\/wp-content\/uploads\/couple-zelenci-2048x1229.webp 2048w, https:\/\/honeymoonslovenia.com\/wp-content\/uploads\/couple-zelenci-18x12.webp 18w, https:\/\/honeymoonslovenia.com\/wp-content\/uploads\/couple-zelenci-scaled.webp 1920w\" sizes=\"auto, (max-width: 1024px) 100vw, 1024px\" \/><figcaption class=\"wp-element-caption\">Erleben Sie den Zauber Sloweniens mit Ihren Liebsten<\/figcaption><\/figure>\n\n\n\n<h2 class=\"wp-block-heading\">Slowenien ist ein perfektes Reiseziel f\u00fcr Ihre Flitterwochen<\/h2>\n\n\n\n<p>Wir sind der Meinung, dass eine Hochzeitsreise mehr sein sollte als nur ein normaler Urlaub.<\/p>\n\n\n\n<p>Es sollte eine Gelegenheit f\u00fcr Sie sein, einen neuen Ort zu erkunden und all seine Sehensw\u00fcrdigkeiten, Ger\u00e4usche und Geschm\u00e4cker kennenzulernen.<\/p>\n\n\n\n<p>Es sollte ein Abenteuer sein, das Sie \u00fcber Ihre Komfortzone hinausf\u00fchrt und Ihnen die M\u00f6glichkeit gibt, etwas Neues auszuprobieren.<\/p>\n\n\n\n<p>Es sollte einzigartig, interessant und voller aufregender Erlebnisse sein - und es sollte Ihnen viel Zeit f\u00fcreinander lassen.<\/p>\n\n\n\n<figure class=\"wp-block-image size-large\"><img loading=\"lazy\" decoding=\"async\" width=\"1024\" height=\"683\" src=\"https:\/\/honeymoonslovenia.com\/wp-content\/uploads\/private-boat-bled-1-1024x683.webp\" alt=\"\" class=\"wp-image-412\" srcset=\"https:\/\/honeymoonslovenia.com\/wp-content\/uploads\/private-boat-bled-1-1024x683.webp 1024w, https:\/\/honeymoonslovenia.com\/wp-content\/uploads\/private-boat-bled-1-300x200.webp 300w, https:\/\/honeymoonslovenia.com\/wp-content\/uploads\/private-boat-bled-1-768x512.webp 768w, https:\/\/honeymoonslovenia.com\/wp-content\/uploads\/private-boat-bled-1-1536x1024.webp 1536w, https:\/\/honeymoonslovenia.com\/wp-content\/uploads\/private-boat-bled-1-2048x1366.webp 2048w, https:\/\/honeymoonslovenia.com\/wp-content\/uploads\/private-boat-bled-1-18x12.webp 18w, https:\/\/honeymoonslovenia.com\/wp-content\/uploads\/private-boat-bled-1-scaled.webp 1920w\" sizes=\"auto, (max-width: 1024px) 100vw, 1024px\" \/><figcaption class=\"wp-element-caption\">Viel Zeit f\u00fcreinander an sch\u00f6nen Orten<\/figcaption><\/figure>\n\n\n\n<p>Slowenien ist daf\u00fcr perfekt geeignet, denn es bietet alles, was dazu geh\u00f6rt. Es ist nicht nur ein <a href=\"https:\/\/sloveniawedding.com\/\">gro\u00dfartiger Ort f\u00fcr Hochzeiten<\/a>aber auch Flitterwochen.<\/p>\n\n\n\n<p>Von der nat\u00fcrlichen Sch\u00f6nheit der slowenischen W\u00e4lder und Berge bis hin zur reichen Kultur in den St\u00e4dten und K\u00fcstenorten Sloweniens. Eine Vielzahl von Unterk\u00fcnften - von Luxushotels bis hin zu gem\u00fctlichen Campingpl\u00e4tzen - einschlie\u00dflich erstklassiger Wellness- und Spa-Einrichtungen, vor allem wegen der langen Tradition der Thermalquellen.<\/p>\n\n\n\n<p>Wir arbeiten mit Ihnen zusammen, um einen Reiseplan zu erstellen, der Ihren Bed\u00fcrfnissen und Vorlieben entspricht, so dass Sie an Ihrem gro\u00dfen Tag nur noch auftauchen und die Fahrt genie\u00dfen m\u00fcssen!<br>Erkunden Sie unser <a href=\"https:\/\/honeymoonslovenia.com\/de\/packages\/\">Flitterwochen-Pakete<\/a> und finden Sie die Inspiration, die Sie brauchen. Wenn Sie etwas sehen, das Ihnen gef\u00e4llt, schicken Sie uns eine <a href=\"https:\/\/honeymoonslovenia.com\/de\/anfrage\/\">Anfrage<\/a>und wir helfen Ihnen bei der Planung Ihrer perfekten Flitterwochen.<\/p>","protected":false},"excerpt":{"rendered":"<p>In den letzten zehn Jahren habe ich mit Kunden aus der Tourismusbranche gearbeitet und ihnen geholfen, unvergessliche Erlebnisse zu schaffen. Ich liebe es, mit Menschen zu arbeiten und herauszufinden, wie sie ticken, und niemand anderes als frisch verheiratete Paare. Die Energie, mit der sie die Welt erobern, inspiriert mich, und Slowenien ist das perfekte ... <a href=\"https:\/\/honeymoonslovenia.com\/de\/uber-uns\/\">Fortsetzung<\/a><\/p>","protected":false},"author":43,"featured_media":364,"parent":0,"menu_order":0,"comment_status":"closed","ping_status":"closed","template":"","meta":{"footnotes":""},"class_list":["post-547","page","type-page","status-publish","has-post-thumbnail","hentry"],"acf":{"page_subheading":"Honeymoon Slovenia is a brand that specializes in creating honeymoon experiences for couples who want something more than just a regular tropical getaway."},"_links":{"self":[{"href":"https:\/\/honeymoonslovenia.com\/de\/wp-json\/wp\/v2\/pages\/547","targetHints":{"allow":["GET"]}}],"collection":[{"href":"https:\/\/honeymoonslovenia.com\/de\/wp-json\/wp\/v2\/pages"}],"about":[{"href":"https:\/\/honeymoonslovenia.com\/de\/wp-json\/wp\/v2\/types\/page"}],"author":[{"embeddable":true,"href":"https:\/\/honeymoonslovenia.com\/de\/wp-json\/wp\/v2\/users\/43"}],"replies":[{"embeddable":true,"href":"https:\/\/honeymoonslovenia.com\/de\/wp-json\/wp\/v2\/comments?post=547"}],"version-history":[{"count":9,"href":"https:\/\/honeymoonslovenia.com\/de\/wp-json\/wp\/v2\/pages\/547\/revisions"}],"predecessor-version":[{"id":3034,"href":"https:\/\/honeymoonslovenia.com\/de\/wp-json\/wp\/v2\/pages\/547\/revisions\/3034"}],"wp:featuredmedia":[{"embeddable":true,"href":"https:\/\/honeymoonslovenia.com\/de\/wp-json\/wp\/v2\/media\/364"}],"wp:attachment":[{"href":"https:\/\/honeymoonslovenia.com\/de\/wp-json\/wp\/v2\/media?parent=547"}],"curies":[{"name":"wp","href":"https:\/\/api.w.org\/{rel}","templated":true}]}}