{"id":547,"date":"2022-11-08T14:04:28","date_gmt":"2022-11-08T14:04:28","guid":{"rendered":"https:\/\/honeymoonslovenia.com\/?page_id=547"},"modified":"2023-05-03T13:27:40","modified_gmt":"2023-05-03T13:27:40","slug":"about-us","status":"publish","type":"page","link":"https:\/\/honeymoonslovenia.com\/es\/sobre-nosotros\/","title":{"rendered":"Qui\u00e9nes somos"},"content":{"rendered":"<p>Durante la \u00faltima d\u00e9cada, he trabajado con clientes del sector tur\u00edstico y les he ayudado a crear experiencias memorables. Me encanta trabajar con la gente y descubrir qu\u00e9 les mueve, y a nadie m\u00e1s que a las parejas de reci\u00e9n casados.<\/p>\n\n\n\n<p>La energ\u00eda con la que se enfrentan al mundo me inspira, y Eslovenia es el lugar perfecto para pasar la luna de miel.<\/p>\n\n\n\n<h2 class=\"wp-block-heading\">M\u00e1s que unas perezosas vacaciones tropicales<\/h2>\n\n\n\n<p>Cuando se planea una luna de miel, es f\u00e1cil caer en la trampa de hacer lo que hace todo el mundo. Ir a esos bonitos resorts de playa en alguna isla ex\u00f3tica sin nada que hacer suena bien a primera vista. Pero a nosotros nos parece aburrid\u00edsimo, y a ti tambi\u00e9n.<\/p>\n\n\n\n<p>Por eso hemos dise\u00f1ado nuestros paquetes Luna de miel Eslovenia para que usted y su pareja vivan una experiencia sin igual: Visitar y vivir realmente el lugar en el que se encuentran. Una oportunidad para explorar la cultura, la historia y la belleza de Eslovenia sin dejar de tener tiempo para la intimidad de la luna de miel.<\/p>\n\n\n\n<p>Sabemos que salirse de los caminos trillados puede dar miedo, pero tambi\u00e9n es emocionante. Queremos ayudarle a experimentar todo eso y a crear recuerdos que duren para siempre.<\/p>\n\n\n\n<p>As\u00ed que no se preocupe por planificar cada detalle de su viaje: nosotros nos ocuparemos de ello. Nos encargamos de todos los preparativos para que usted s\u00f3lo tenga que preocuparse de disfrutar de su tiempo juntos en uno de los pa\u00edses m\u00e1s bellos de Europa.<\/p>\n\n\n\n<figure class=\"wp-block-image size-large\"><img loading=\"lazy\" decoding=\"async\" width=\"1024\" height=\"614\" src=\"https:\/\/honeymoonslovenia.com\/wp-content\/uploads\/couple-zelenci-1024x614.webp\" alt=\"\" class=\"wp-image-249\" srcset=\"https:\/\/honeymoonslovenia.com\/wp-content\/uploads\/couple-zelenci-1024x614.webp 1024w, https:\/\/honeymoonslovenia.com\/wp-content\/uploads\/couple-zelenci-300x180.webp 300w, https:\/\/honeymoonslovenia.com\/wp-content\/uploads\/couple-zelenci-768x461.webp 768w, https:\/\/honeymoonslovenia.com\/wp-content\/uploads\/couple-zelenci-1536x922.webp 1536w, https:\/\/honeymoonslovenia.com\/wp-content\/uploads\/couple-zelenci-2048x1229.webp 2048w, https:\/\/honeymoonslovenia.com\/wp-content\/uploads\/couple-zelenci-18x12.webp 18w, https:\/\/honeymoonslovenia.com\/wp-content\/uploads\/couple-zelenci-scaled.webp 1920w\" sizes=\"auto, (max-width: 1024px) 100vw, 1024px\" \/><figcaption class=\"wp-element-caption\">Viva la magia de Eslovenia con su pareja<\/figcaption><\/figure>\n\n\n\n<h2 class=\"wp-block-heading\">Eslovenia es un destino perfecto para su luna de miel<\/h2>\n\n\n\n<p>Creemos que una luna de miel debe ser algo m\u00e1s que unas vacaciones normales.<\/p>\n\n\n\n<p>Debe ser una oportunidad para explorar un lugar nuevo y ver todas sus vistas, sonidos y sabores.<\/p>\n\n\n\n<p>Debe ser una aventura que te lleve m\u00e1s all\u00e1 de tu zona de confort y te d\u00e9 la oportunidad de probar algo nuevo.<\/p>\n\n\n\n<p>Debe ser \u00fanico, interesante y lleno de experiencias emocionantes, y debe darles mucho tiempo para estar juntos.<\/p>\n\n\n\n<figure class=\"wp-block-image size-large\"><img loading=\"lazy\" decoding=\"async\" width=\"1024\" height=\"683\" src=\"https:\/\/honeymoonslovenia.com\/wp-content\/uploads\/private-boat-bled-1-1024x683.webp\" alt=\"\" class=\"wp-image-412\" srcset=\"https:\/\/honeymoonslovenia.com\/wp-content\/uploads\/private-boat-bled-1-1024x683.webp 1024w, https:\/\/honeymoonslovenia.com\/wp-content\/uploads\/private-boat-bled-1-300x200.webp 300w, https:\/\/honeymoonslovenia.com\/wp-content\/uploads\/private-boat-bled-1-768x512.webp 768w, https:\/\/honeymoonslovenia.com\/wp-content\/uploads\/private-boat-bled-1-1536x1024.webp 1536w, https:\/\/honeymoonslovenia.com\/wp-content\/uploads\/private-boat-bled-1-2048x1366.webp 2048w, https:\/\/honeymoonslovenia.com\/wp-content\/uploads\/private-boat-bled-1-18x12.webp 18w, https:\/\/honeymoonslovenia.com\/wp-content\/uploads\/private-boat-bled-1-scaled.webp 1920w\" sizes=\"auto, (max-width: 1024px) 100vw, 1024px\" \/><figcaption class=\"wp-element-caption\">Mucho tiempo para cada uno en lugares encantadores<\/figcaption><\/figure>\n\n\n\n<p>Eslovenia es perfecta para ello, porque ofrece todo lo anterior. No es s\u00f3lo un <a href=\"https:\/\/sloveniawedding.com\/\">gran lugar para bodas<\/a>sino tambi\u00e9n lunas de miel.<\/p>\n\n\n\n<p>Desde la belleza natural de los bosques y monta\u00f1as de Eslovenia hasta la riqueza cultural de sus ciudades y pueblos costeros. Una gran variedad de alojamientos -desde hoteles de lujo a glampings \u00edntimos-, incluidas instalaciones de bienestar y spa de primera categor\u00eda, especialmente por la larga tradici\u00f3n de aguas termales.<\/p>\n\n\n\n<p>Trabajaremos con usted para crear un itinerario que se adapte a sus necesidades y preferencias, de modo que cuando llegue el momento de su gran d\u00eda, lo \u00fanico que tenga que hacer sea presentarse y disfrutar del viaje.<br>Explora nuestro <a href=\"https:\/\/honeymoonslovenia.com\/es\/packages\/\">paquetes de luna de miel<\/a> y encuentra la inspiraci\u00f3n que necesitas. Si ves algo que te gusta, env\u00edanos un <a href=\"https:\/\/honeymoonslovenia.com\/es\/consulta\/\">consulta<\/a>y le ayudaremos a planificar su luna de miel perfecta.<\/p>","protected":false},"excerpt":{"rendered":"<p>Durante la \u00faltima d\u00e9cada, he trabajado con clientes del sector tur\u00edstico y les he ayudado a crear experiencias memorables. Me encanta trabajar con la gente y descubrir qu\u00e9 les mueve, y a nadie m\u00e1s que a las parejas de reci\u00e9n casados. La energ\u00eda con la que se enfrentan al mundo me inspira, y Eslovenia es el lugar perfecto ... <a href=\"https:\/\/honeymoonslovenia.com\/es\/sobre-nosotros\/\">Contin\u00faa en<\/a><\/p>","protected":false},"author":43,"featured_media":364,"parent":0,"menu_order":0,"comment_status":"closed","ping_status":"closed","template":"","meta":{"footnotes":""},"class_list":["post-547","page","type-page","status-publish","has-post-thumbnail","hentry"],"acf":{"page_subheading":"Honeymoon Slovenia is a brand that specializes in creating honeymoon experiences for couples who want something more than just a regular tropical getaway."},"_links":{"self":[{"href":"https:\/\/honeymoonslovenia.com\/es\/wp-json\/wp\/v2\/pages\/547","targetHints":{"allow":["GET"]}}],"collection":[{"href":"https:\/\/honeymoonslovenia.com\/es\/wp-json\/wp\/v2\/pages"}],"about":[{"href":"https:\/\/honeymoonslovenia.com\/es\/wp-json\/wp\/v2\/types\/page"}],"author":[{"embeddable":true,"href":"https:\/\/honeymoonslovenia.com\/es\/wp-json\/wp\/v2\/users\/43"}],"replies":[{"embeddable":true,"href":"https:\/\/honeymoonslovenia.com\/es\/wp-json\/wp\/v2\/comments?post=547"}],"version-history":[{"count":9,"href":"https:\/\/honeymoonslovenia.com\/es\/wp-json\/wp\/v2\/pages\/547\/revisions"}],"predecessor-version":[{"id":3034,"href":"https:\/\/honeymoonslovenia.com\/es\/wp-json\/wp\/v2\/pages\/547\/revisions\/3034"}],"wp:featuredmedia":[{"embeddable":true,"href":"https:\/\/honeymoonslovenia.com\/es\/wp-json\/wp\/v2\/media\/364"}],"wp:attachment":[{"href":"https:\/\/honeymoonslovenia.com\/es\/wp-json\/wp\/v2\/media?parent=547"}],"curies":[{"name":"wp","href":"https:\/\/api.w.org\/{rel}","templated":true}]}}