{"id":8800,"date":"2024-03-22T13:26:34","date_gmt":"2024-03-22T13:26:34","guid":{"rendered":"https:\/\/honeymoonslovenia.com\/?page_id=8800"},"modified":"2024-03-22T13:31:56","modified_gmt":"2024-03-22T13:31:56","slug":"how-to-get-to-slovenia","status":"publish","type":"page","link":"https:\/\/honeymoonslovenia.com\/es\/como-llegar-a-eslovenia\/","title":{"rendered":"\u00bfC\u00f3mo llegar a Eslovenia?"},"content":{"rendered":"<p>\u00bfEst\u00e1 planeando un viaje a Eslovenia y se pregunta c\u00f3mo llegar? No busque m\u00e1s.<\/p>\n\n\n\n<p>Eslovenia est\u00e1 convenientemente <strong>situada en el centro de Europa<\/strong>Por eso es f\u00e1cil llegar desde cualquier direcci\u00f3n. Ya sea por aire, tierra o mar, hay muchas opciones para llegar a este peque\u00f1o pero poderoso pa\u00eds.<\/p>\n\n\n\n<figure class=\"wp-block-image size-full\"><img loading=\"lazy\" decoding=\"async\" width=\"2000\" height=\"1497\" src=\"https:\/\/honeymoonslovenia.com\/wp-content\/uploads\/bled-slovenia-slovenija-aerial-view-of-lake-bled-blejsko-jezero-with-the-pilgrimage-church-of-the-assumption-of-maria-on-a-small-island-stockpack-adobe-stock.webp\" alt=\"vista a\u00e9rea de bled\" class=\"wp-image-8807\"\/><figcaption class=\"wp-element-caption\">Lago Bled<\/figcaption><\/figure>\n\n\n\n<p>Con su impresionante belleza natural, su rica historia cultural y sus acogedores habitantes, Eslovenia es el destino perfecto para los viajeros que deseen explorar esta parte de Europa.<\/p>\n\n\n\n<p>En esta gu\u00eda le mostramos todas las formas de llegar a Eslovenia para que pueda planificar f\u00e1cilmente su viaje.<\/p>\n\n\n\n<h2 class=\"wp-block-heading\">Llegar en avi\u00f3n<\/h2>\n\n\n\n<p>Tomar un vuelo a Eslovenia es la mejor opci\u00f3n para llegar hasta aqu\u00ed, sobre todo si no se procede de uno de los pa\u00edses lim\u00edtrofes.<\/p>\n\n\n\n<p>Eslovenia cuenta con 3 aeropuertos internacionales (Liubliana, Maribor y Portoro\u017e).&nbsp;<\/p>\n\n\n\n<p><strong>Liubliana (Aeropuerto Jo\u017ee Pu\u010dnik)<\/strong> - el principal aeropuerto de Eslovenia&nbsp;<\/p>\n\n\n\n<p>Se encuentra a unos 26 km al norte de la capital. Puede coger un taxi, un servicio de enlace con el aeropuerto, alquilar un coche u optar por nuestras opciones de traslado, en funci\u00f3n de su itinerario de viaje.&nbsp;<\/p>\n\n\n\n<p>El aeropuerto de Liubliana es la mejor opci\u00f3n para viajar a Eslovenia, sobre todo para visitar lugares del centro, norte o noroeste del pa\u00eds.<\/p>\n\n\n\n<p><strong>Maribor (Aeropuerto Edvard Rusjan)<\/strong> - segundo aeropuerto internacional<\/p>\n\n\n\n<p>Se encuentra a unos 10 km al sur de Maribor, la segunda ciudad m\u00e1s grande de Eslovenia. El viaje de ida y vuelta al aeropuerto se hace en taxi o en un traslado reservado con antelaci\u00f3n. El aeropuerto de Maribor se utiliza principalmente para vuelos de temporada y ch\u00e1rter.&nbsp;<\/p>\n\n\n\n<p><strong>Aeropuerto de Portoro\u017e <\/strong>- vuelos ch\u00e1rter, de negocios y de carga m\u00e1s peque\u00f1os<\/p>\n\n\n\n<p>El aeropuerto est\u00e1 situado a 6 km al sur de Portoro\u017e, y a una hora en coche se puede llegar a las siguientes ciudades: Trieste (Italia), Koper, Postojna, Liubliana (Eslovenia) y ciudades croatas de la pen\u00ednsula de Istria.<\/p>\n\n\n\n<p><strong>Aeropuerto de Trieste (Aeropuerto Friuli Venezia Giulia)<\/strong> - Muchos vuelos directos, justo al otro lado de la frontera con Eslovenia<\/p>\n\n\n\n<p>El aeropuerto de Trieste, tambi\u00e9n conocido como aeropuerto Friuli Venezia Giulia, est\u00e1 situado a unos 33 km al noroeste de Trieste (Italia). Ofrece vuelos directos a diversos destinos, incluidas ciudades importantes y centros regionales, con aerol\u00edneas como Ryanair e ITA Airways. Aunque est\u00e1 en Italia, se puede llegar a Eslovenia en menos de 30 minutos, y a Liubliana en 1h20min.<\/p>\n\n\n\n<p><strong>Otros aeropuertos alternativos cercanos a Eslovenia <\/strong>(a menos de 2 horas en coche):<\/p>\n\n\n\n<p>El otro aeropuerto m\u00e1s conveniente fuera de Eslovenia es <strong>Venecia<\/strong> (Marco Polo y Treviso), con numerosas conexiones internacionales. <strong>Zagreb<\/strong> y <strong>Viena<\/strong> tambi\u00e9n son buenas opciones, aunque esta \u00faltima est\u00e1 un poco m\u00e1s lejos.<\/p>\n\n\n\n<p>Otras opciones: Pula, Klagenfurt, Graz, Trieste<\/p>\n\n\n\n<h2 class=\"wp-block-heading\">Llegar en coche<\/h2>\n\n\n\n<p>Llegar a Eslovenia en coche es una opci\u00f3n c\u00f3moda y pr\u00e1ctica, ya que el pa\u00eds cuenta con <strong>excelentes conexiones<\/strong> al resto de Europa a trav\u00e9s de un <strong>red de carreteras<\/strong>. Es f\u00e1cil explorar todo el pa\u00eds en coche, ya que las distancias son cortas y se puede recorrer todo el pa\u00eds en pocos trayectos.<\/p>\n\n\n\n<p>De hecho, Eslovenia es el <strong>destino perfecto para un viaje por carretera<\/strong>Podr\u00e1 disfrutar de la impresionante belleza natural y de las diversas atracciones culturales que ofrece el pa\u00eds.<\/p>\n\n\n\n<p>Es importante tener en cuenta que tendr\u00e1 que <strong>comprar una vi\u00f1eta de autopista<\/strong> para utilizar las autopistas de Eslovenia. Se pueden comprar en gasolineras, oficinas de correos y quioscos, pero la <strong>la mejor manera<\/strong> es <a href=\"https:\/\/evinjeta.dars.si\/en\">comprar en l\u00ednea<\/a>. Est\u00e1n disponibles para distintos periodos de tiempo, desde una semana hasta un a\u00f1o. Una vez que tenga su vi\u00f1eta, podr\u00e1 disfrutar de viajes tranquilos y sin complicaciones mientras explora Eslovenia en coche.<\/p>\n\n\n\n<h2 class=\"wp-block-heading\">Llegar en tren<\/h2>\n\n\n\n<p>Coger un tren a Eslovenia no puede ser m\u00e1s f\u00e1cil. Hay <strong>buenas conexiones ferroviarias<\/strong> de pa\u00edses vecinos y de muchos otros pa\u00edses: Croacia, Italia, Austria, Hungr\u00eda, Serbia, Rep\u00fablica Checa, Alemania, Suiza, etc.&nbsp;<\/p>\n\n\n\n<p>Eslovenia est\u00e1 incluida en el <strong>Pase Global Eurail<\/strong> sistema.&nbsp;<\/p>\n\n\n\n<p>Tambi\u00e9n puede viajar en tren desde aeropuertos cercanos, como Trieste, Zagreb o Viena.<\/p>\n\n\n\n<h2 class=\"wp-block-heading\">Llegar en autob\u00fas<\/h2>\n\n\n\n<p>Viajar a Eslovenia en autob\u00fas desde numerosas ciudades europeas es bastante sencillo. Existen <strong>l\u00edneas directas de autocares<\/strong> desde Suecia y Dinamarca, y la mayor\u00eda de los autocares internacionales paran en Liubliana.<\/p>\n\n\n\n<p>Los proveedores extranjeros de transporte en autob\u00fas de la UE registrados no necesitan permisos especiales para viajar por Eslovenia, y los autocares de FlixBus y los autobuses de Nomago son cada vez m\u00e1s populares.<\/p>\n\n\n\n<h2 class=\"wp-block-heading\">\u00bfNecesito un visado para Eslovenia?<\/h2>\n\n\n\n<p>Los ciudadanos de los Estados miembros del Espacio Econ\u00f3mico Europeo (EEE) pueden entrar en Eslovenia con un <strong>documento de identidad o pasaporte v\u00e1lidos<\/strong> y no necesitan visado ni permiso de residencia.<\/p>\n\n\n\n<p>Los nacionales de terceros pa\u00edses deben obtener un visado o un permiso de residencia en la misi\u00f3n diplom\u00e1tica de Eslovenia en el extranjero.<\/p>\n\n\n\n<p>* La lista de pa\u00edses que exigen visado para entrar en Eslovenia puede consultarse en la web oficial del Gobierno. <a href=\"https:\/\/www.gov.si\/en\/countries\/\">aqu\u00ed<\/a>.<\/p>","protected":false},"excerpt":{"rendered":"<p>\u00bfEst\u00e1 planeando un viaje a Eslovenia y se pregunta c\u00f3mo llegar? No busque m\u00e1s. Eslovenia est\u00e1 convenientemente situada en el centro de Europa, lo que facilita la llegada desde cualquier direcci\u00f3n. Ya sea por aire, tierra o mar, hay muchas opciones para llegar a este peque\u00f1o pero poderoso pa\u00eds. ... <a href=\"https:\/\/honeymoonslovenia.com\/es\/como-llegar-a-eslovenia\/\">Contin\u00faa en<\/a><\/p>","protected":false},"author":43,"featured_media":0,"parent":0,"menu_order":0,"comment_status":"closed","ping_status":"closed","template":"","meta":{"footnotes":""},"class_list":["post-8800","page","type-page","status-publish","hentry"],"acf":{"page_subheading":""},"_links":{"self":[{"href":"https:\/\/honeymoonslovenia.com\/es\/wp-json\/wp\/v2\/pages\/8800","targetHints":{"allow":["GET"]}}],"collection":[{"href":"https:\/\/honeymoonslovenia.com\/es\/wp-json\/wp\/v2\/pages"}],"about":[{"href":"https:\/\/honeymoonslovenia.com\/es\/wp-json\/wp\/v2\/types\/page"}],"author":[{"embeddable":true,"href":"https:\/\/honeymoonslovenia.com\/es\/wp-json\/wp\/v2\/users\/43"}],"replies":[{"embeddable":true,"href":"https:\/\/honeymoonslovenia.com\/es\/wp-json\/wp\/v2\/comments?post=8800"}],"version-history":[{"count":2,"href":"https:\/\/honeymoonslovenia.com\/es\/wp-json\/wp\/v2\/pages\/8800\/revisions"}],"predecessor-version":[{"id":8808,"href":"https:\/\/honeymoonslovenia.com\/es\/wp-json\/wp\/v2\/pages\/8800\/revisions\/8808"}],"wp:attachment":[{"href":"https:\/\/honeymoonslovenia.com\/es\/wp-json\/wp\/v2\/media?parent=8800"}],"curies":[{"name":"wp","href":"https:\/\/api.w.org\/{rel}","templated":true}]}}