{"id":547,"date":"2022-11-08T14:04:28","date_gmt":"2022-11-08T14:04:28","guid":{"rendered":"https:\/\/honeymoonslovenia.com\/?page_id=547"},"modified":"2023-05-03T13:27:40","modified_gmt":"2023-05-03T13:27:40","slug":"about-us","status":"publish","type":"page","link":"https:\/\/honeymoonslovenia.com\/fr\/a-propos-de-nous\/","title":{"rendered":"A propos de nous"},"content":{"rendered":"<p>Au cours des dix derni\u00e8res ann\u00e9es, j'ai travaill\u00e9 avec des clients du secteur du tourisme et les ai aid\u00e9s \u00e0 cr\u00e9er des exp\u00e9riences m\u00e9morables. J'adore travailler avec les gens et d\u00e9couvrir ce qui les fait vibrer, et personne d'autre que les couples de jeunes mari\u00e9s.<\/p>\n\n\n\n<p>L'\u00e9nergie avec laquelle ils affrontent le monde m'inspire, et la Slov\u00e9nie est l'endroit id\u00e9al pour passer sa lune de miel.<\/p>\n\n\n\n<h2 class=\"wp-block-heading\">Plus que des vacances paresseuses dans les tropiques<\/h2>\n\n\n\n<p>Lorsque vous planifiez une lune de miel, il est facile de tomber dans le pi\u00e8ge de faire ce que tout le monde fait. Se rendre dans de belles stations baln\u00e9aires sur des \u00eeles exotiques sans rien \u00e0 faire, cela peut sembler tr\u00e8s bien \u00e0 premi\u00e8re vue. Mais nous pensons que c'est extr\u00eamement ennuyeux - et vous aussi.<\/p>\n\n\n\n<p>C'est pourquoi nous avons con\u00e7u nos forfaits lune de miel en Slov\u00e9nie pour que vous et votre partenaire puissiez vivre une exp\u00e9rience unique : Visiter et vivre r\u00e9ellement l'endroit o\u00f9 vous vous trouvez. Une occasion d'explorer la culture, l'histoire et la beaut\u00e9 de la Slov\u00e9nie tout en gardant du temps pour l'intimit\u00e9 de la lune de miel.<\/p>\n\n\n\n<p>Nous savons que sortir des sentiers battus peut \u00eatre effrayant - mais c'est aussi excitant ! Nous voulons vous aider \u00e0 vivre toutes ces exp\u00e9riences et \u00e0 cr\u00e9er des souvenirs inoubliables.<\/p>\n\n\n\n<p>Ne vous souciez donc pas de planifier chaque d\u00e9tail de votre voyage - nous nous en chargeons pour vous. Nous nous occupons de tous les arrangements afin que vous n'ayez plus qu'\u00e0 profiter de votre temps ensemble dans l'un des plus beaux pays d'Europe.<\/p>\n\n\n\n<figure class=\"wp-block-image size-large\"><img loading=\"lazy\" decoding=\"async\" width=\"1024\" height=\"614\" src=\"https:\/\/honeymoonslovenia.com\/wp-content\/uploads\/couple-zelenci-1024x614.webp\" alt=\"\" class=\"wp-image-249\" srcset=\"https:\/\/honeymoonslovenia.com\/wp-content\/uploads\/couple-zelenci-1024x614.webp 1024w, https:\/\/honeymoonslovenia.com\/wp-content\/uploads\/couple-zelenci-300x180.webp 300w, https:\/\/honeymoonslovenia.com\/wp-content\/uploads\/couple-zelenci-768x461.webp 768w, https:\/\/honeymoonslovenia.com\/wp-content\/uploads\/couple-zelenci-1536x922.webp 1536w, https:\/\/honeymoonslovenia.com\/wp-content\/uploads\/couple-zelenci-2048x1229.webp 2048w, https:\/\/honeymoonslovenia.com\/wp-content\/uploads\/couple-zelenci-18x12.webp 18w, https:\/\/honeymoonslovenia.com\/wp-content\/uploads\/couple-zelenci-scaled.webp 1920w\" sizes=\"auto, (max-width: 1024px) 100vw, 1024px\" \/><figcaption class=\"wp-element-caption\">D\u00e9couvrez la magie de la Slov\u00e9nie avec votre bien-aim\u00e9(e)<\/figcaption><\/figure>\n\n\n\n<h2 class=\"wp-block-heading\">La Slov\u00e9nie est une destination parfaite pour votre lune de miel<\/h2>\n\n\n\n<p>Nous pensons qu'une lune de miel doit \u00eatre plus que de simples vacances.<\/p>\n\n\n\n<p>Ce devrait \u00eatre l'occasion pour vous d'explorer un nouvel endroit et d'en d\u00e9couvrir tous les aspects, les sons et les saveurs.<\/p>\n\n\n\n<p>Il doit s'agir d'une aventure qui vous fait sortir de votre zone de confort et vous donne l'occasion d'essayer quelque chose de nouveau.<\/p>\n\n\n\n<p>Il doit \u00eatre unique, int\u00e9ressant et riche en exp\u00e9riences passionnantes, et vous permettre de passer beaucoup de temps ensemble.<\/p>\n\n\n\n<figure class=\"wp-block-image size-large\"><img loading=\"lazy\" decoding=\"async\" width=\"1024\" height=\"683\" src=\"https:\/\/honeymoonslovenia.com\/wp-content\/uploads\/private-boat-bled-1-1024x683.webp\" alt=\"\" class=\"wp-image-412\" srcset=\"https:\/\/honeymoonslovenia.com\/wp-content\/uploads\/private-boat-bled-1-1024x683.webp 1024w, https:\/\/honeymoonslovenia.com\/wp-content\/uploads\/private-boat-bled-1-300x200.webp 300w, https:\/\/honeymoonslovenia.com\/wp-content\/uploads\/private-boat-bled-1-768x512.webp 768w, https:\/\/honeymoonslovenia.com\/wp-content\/uploads\/private-boat-bled-1-1536x1024.webp 1536w, https:\/\/honeymoonslovenia.com\/wp-content\/uploads\/private-boat-bled-1-2048x1366.webp 2048w, https:\/\/honeymoonslovenia.com\/wp-content\/uploads\/private-boat-bled-1-18x12.webp 18w, https:\/\/honeymoonslovenia.com\/wp-content\/uploads\/private-boat-bled-1-scaled.webp 1920w\" sizes=\"auto, (max-width: 1024px) 100vw, 1024px\" \/><figcaption class=\"wp-element-caption\">Beaucoup de temps pour l'autre dans des endroits charmants<\/figcaption><\/figure>\n\n\n\n<p>La Slov\u00e9nie est parfaite pour cela, car elle offre tout ce qui pr\u00e9c\u00e8de. Ce n'est pas seulement un <a href=\"https:\/\/sloveniawedding.com\/\">excellent endroit pour les mariages<\/a>mais aussi les lunes de miel.<\/p>\n\n\n\n<p>De la beaut\u00e9 naturelle des for\u00eats et des montagnes slov\u00e8nes \u00e0 la richesse culturelle de ses villes et de ses villages c\u00f4tiers. Une vari\u00e9t\u00e9 d'h\u00e9bergements - des h\u00f4tels de luxe aux campements intimes - y compris des installations de bien-\u00eatre et de spa de premier ordre, notamment en raison de la longue tradition des eaux thermales.<\/p>\n\n\n\n<p>Nous travaillerons avec vous pour cr\u00e9er un itin\u00e9raire adapt\u00e9 \u00e0 vos besoins et \u00e0 vos pr\u00e9f\u00e9rences, de sorte que, le jour venu, vous n'aurez qu'\u00e0 vous pr\u00e9senter et \u00e0 profiter du voyage !<br>Explorez notre <a href=\"https:\/\/honeymoonslovenia.com\/fr\/packages\/\">forfaits lune de miel<\/a> et trouver l'inspiration dont vous avez besoin. Si vous voyez quelque chose qui vous pla\u00eet, envoyez-nous un message. <a href=\"https:\/\/honeymoonslovenia.com\/fr\/enquete\/\">enqu\u00eate<\/a>et nous vous aiderons \u00e0 organiser votre lune de miel parfaite.<\/p>","protected":false},"excerpt":{"rendered":"<p>Au cours des dix derni\u00e8res ann\u00e9es, j'ai travaill\u00e9 avec des clients de l'industrie du tourisme et je les ai aid\u00e9s \u00e0 cr\u00e9er des exp\u00e9riences m\u00e9morables. J'adore travailler avec les gens et d\u00e9couvrir ce qui les fait vibrer, et personne ne le fait plus que les jeunes mari\u00e9s. L'\u00e9nergie avec laquelle ils abordent le monde m'inspire, et la Slov\u00e9nie est l'endroit id\u00e9al pour ... <a href=\"https:\/\/honeymoonslovenia.com\/fr\/a-propos-de-nous\/\">Suite<\/a><\/p>","protected":false},"author":43,"featured_media":364,"parent":0,"menu_order":0,"comment_status":"closed","ping_status":"closed","template":"","meta":{"footnotes":""},"class_list":["post-547","page","type-page","status-publish","has-post-thumbnail","hentry"],"acf":{"page_subheading":"Honeymoon Slovenia is a brand that specializes in creating honeymoon experiences for couples who want something more than just a regular tropical getaway."},"_links":{"self":[{"href":"https:\/\/honeymoonslovenia.com\/fr\/wp-json\/wp\/v2\/pages\/547","targetHints":{"allow":["GET"]}}],"collection":[{"href":"https:\/\/honeymoonslovenia.com\/fr\/wp-json\/wp\/v2\/pages"}],"about":[{"href":"https:\/\/honeymoonslovenia.com\/fr\/wp-json\/wp\/v2\/types\/page"}],"author":[{"embeddable":true,"href":"https:\/\/honeymoonslovenia.com\/fr\/wp-json\/wp\/v2\/users\/43"}],"replies":[{"embeddable":true,"href":"https:\/\/honeymoonslovenia.com\/fr\/wp-json\/wp\/v2\/comments?post=547"}],"version-history":[{"count":9,"href":"https:\/\/honeymoonslovenia.com\/fr\/wp-json\/wp\/v2\/pages\/547\/revisions"}],"predecessor-version":[{"id":3034,"href":"https:\/\/honeymoonslovenia.com\/fr\/wp-json\/wp\/v2\/pages\/547\/revisions\/3034"}],"wp:featuredmedia":[{"embeddable":true,"href":"https:\/\/honeymoonslovenia.com\/fr\/wp-json\/wp\/v2\/media\/364"}],"wp:attachment":[{"href":"https:\/\/honeymoonslovenia.com\/fr\/wp-json\/wp\/v2\/media?parent=547"}],"curies":[{"name":"wp","href":"https:\/\/api.w.org\/{rel}","templated":true}]}}