{"id":8800,"date":"2024-03-22T13:26:34","date_gmt":"2024-03-22T13:26:34","guid":{"rendered":"https:\/\/honeymoonslovenia.com\/?page_id=8800"},"modified":"2024-03-22T13:31:56","modified_gmt":"2024-03-22T13:31:56","slug":"how-to-get-to-slovenia","status":"publish","type":"page","link":"https:\/\/honeymoonslovenia.com\/fr\/comment-se-rendre-en-slovenie\/","title":{"rendered":"Comment se rendre en Slov\u00e9nie ?"},"content":{"rendered":"<p>Vous pr\u00e9voyez un voyage en Slov\u00e9nie et vous vous demandez comment vous y rendre ? Ne cherchez pas plus loin !<\/p>\n\n\n\n<p>La Slov\u00e9nie est id\u00e9alement situ\u00e9e <strong>situ\u00e9 en plein centre de l'Europe<\/strong>Il est donc facile d'arriver de n'importe quelle direction. Que vous veniez par voie a\u00e9rienne, terrestre ou maritime, les options ne manquent pas pour vous rendre dans ce petit mais puissant pays.<\/p>\n\n\n\n<figure class=\"wp-block-image size-full\"><img loading=\"lazy\" decoding=\"async\" width=\"2000\" height=\"1497\" src=\"https:\/\/honeymoonslovenia.com\/wp-content\/uploads\/bled-slovenia-slovenija-aerial-view-of-lake-bled-blejsko-jezero-with-the-pilgrimage-church-of-the-assumption-of-maria-on-a-small-island-stockpack-adobe-stock.webp\" alt=\"vue a\u00e9rienne du bled\" class=\"wp-image-8807\"\/><figcaption class=\"wp-element-caption\">Lac de Bled<\/figcaption><\/figure>\n\n\n\n<p>Avec sa beaut\u00e9 naturelle \u00e9poustouflante, son histoire culturelle riche et ses habitants accueillants, la Slov\u00e9nie est la destination id\u00e9ale pour les voyageurs d\u00e9sireux d'explorer cette partie de l'Europe.<\/p>\n\n\n\n<p>Dans ce guide, nous vous pr\u00e9sentons tous les moyens de transport pour vous rendre en Slov\u00e9nie, afin que vous puissiez facilement planifier votre voyage.<\/p>\n\n\n\n<h2 class=\"wp-block-heading\">Arriv\u00e9e par avion<\/h2>\n\n\n\n<p>Le meilleur moyen de se rendre en Slov\u00e9nie est de prendre un vol, surtout si l'on n'est pas originaire d'un des pays limitrophes.<\/p>\n\n\n\n<p>La Slov\u00e9nie dispose de 3 a\u00e9roports internationaux (Ljubljana, Maribor, Portoro\u017e).&nbsp;<\/p>\n\n\n\n<p><strong>Ljubljana (A\u00e9roport Jo\u017ee Pu\u010dnik)<\/strong> - le principal a\u00e9roport de Slov\u00e9nie&nbsp;<\/p>\n\n\n\n<p>Il est situ\u00e9 \u00e0 environ 26 km au nord de la capitale. Vous pouvez prendre un taxi, une navette a\u00e9roportuaire, louer une voiture ou opter pour nos options de transfert, en fonction de votre itin\u00e9raire de voyage.&nbsp;<\/p>\n\n\n\n<p>L'a\u00e9roport de Ljubljana est la meilleure option pour voyager en Slov\u00e9nie, en particulier pour visiter les r\u00e9gions du centre, du nord ou du nord-ouest du pays.<\/p>\n\n\n\n<p><strong>Maribor (A\u00e9roport Edvard Rusjan)<\/strong> - deuxi\u00e8me a\u00e9roport international<\/p>\n\n\n\n<p>Il est situ\u00e9 \u00e0 environ 10 km au sud de Maribor, la deuxi\u00e8me ville de Slov\u00e9nie. Les d\u00e9placements vers et depuis l'a\u00e9roport se font en taxi ou par un transfert r\u00e9serv\u00e9 \u00e0 l'avance. L'a\u00e9roport de Maribor est principalement utilis\u00e9 pour des vols saisonniers et des vols charters.&nbsp;<\/p>\n\n\n\n<p><strong>A\u00e9roport de Portoro\u017e <\/strong>- les petits vols charters, les vols d'affaires et les vols cargo<\/p>\n\n\n\n<p>L'a\u00e9roport est situ\u00e9 \u00e0 6 km au sud de Portoro\u017e, et vous pouvez rejoindre les villes suivantes en une heure de route : Trieste (Italie), Koper, Postojna, Ljubljana (Slov\u00e9nie) et les villes croates de la p\u00e9ninsule istrienne.<\/p>\n\n\n\n<p><strong>A\u00e9roport de Trieste (Friuli Venezia Giulia Airport)<\/strong> - Nombreux vols directs, juste \u00e0 la fronti\u00e8re de la Slov\u00e9nie<\/p>\n\n\n\n<p>L'a\u00e9roport de Trieste, \u00e9galement connu sous le nom d'a\u00e9roport Friuli Venezia Giulia, est situ\u00e9 \u00e0 environ 33 km au nord-ouest de Trieste, en Italie. Il propose des vols directs vers diverses destinations, y compris des grandes villes et des centres r\u00e9gionaux, avec des compagnies a\u00e9riennes telles que Ryanair et ITA Airways. Bien qu'il soit situ\u00e9 en Italie, vous pouvez rejoindre la Slov\u00e9nie en moins de 30 minutes, et Ljubljana en 1h20min.<\/p>\n\n\n\n<p><strong>Autres a\u00e9roports alternatifs pr\u00e8s de Slov\u00e9nie <\/strong>(\u00e0 moins de 2 heures de route) :<\/p>\n\n\n\n<p>L'autre a\u00e9roport le plus pratique en dehors de la Slov\u00e9nie est <strong>Venise<\/strong> (Marco Polo et Tr\u00e9vise), avec de nombreuses liaisons internationales. <strong>Zagreb<\/strong> et <strong>Vienne<\/strong> sont \u00e9galement d'excellentes options, bien que cette derni\u00e8re soit un peu plus \u00e9loign\u00e9e.<\/p>\n\n\n\n<p>Autres options : Pula, Klagenfurt, Graz, Trieste<\/p>\n\n\n\n<h2 class=\"wp-block-heading\">Arriv\u00e9e en voiture<\/h2>\n\n\n\n<p>Arriver en Slov\u00e9nie en voiture est une option commode et pratique, car le pays dispose de <strong>d'excellentes connexions<\/strong> au reste de l'Europe par le biais d'un <strong>r\u00e9seau d'autoroutes<\/strong>. Il est facile d'explorer l'ensemble du pays en voiture, car les distances sont faibles et vous pouvez couvrir l'ensemble du pays en quelques courts trajets.<\/p>\n\n\n\n<p>En fait, la Slov\u00e9nie est le <strong>destination id\u00e9ale pour un voyage en voiture<\/strong>Vous pourrez ainsi profiter de toute la beaut\u00e9 naturelle et des diverses attractions culturelles que le pays a \u00e0 offrir.<\/p>\n\n\n\n<p>Il est important de noter que vous devrez <strong>acheter une vignette autorouti\u00e8re<\/strong> pour emprunter les autoroutes en Slov\u00e9nie. Ils peuvent \u00eatre achet\u00e9s dans les stations-service, les bureaux de poste et les kiosques. <strong>meilleur moyen<\/strong> est de <a href=\"https:\/\/evinjeta.dars.si\/en\">acheter en ligne<\/a>. Elles sont disponibles pour des dur\u00e9es variables, allant d'une semaine \u00e0 un an. Une fois que vous aurez obtenu votre vignette, vous pourrez voyager en toute tranquillit\u00e9 et sans souci lorsque vous explorerez la Slov\u00e9nie en voiture.<\/p>\n\n\n\n<h2 class=\"wp-block-heading\">Arriv\u00e9e en train<\/h2>\n\n\n\n<p>Prendre le train pour se rendre en Slov\u00e9nie est un jeu d'enfant. Il y a <strong>bonnes liaisons ferroviaires<\/strong> des pays voisins et de nombreux autres pays : Croatie, Italie, Autriche, Hongrie, Serbie, R\u00e9publique tch\u00e8que, Allemagne, Suisse, etc.&nbsp;<\/p>\n\n\n\n<p>La Slov\u00e9nie est incluse dans le <strong>Eurail Global Pass<\/strong> syst\u00e8me.&nbsp;<\/p>\n\n\n\n<p>Vous pouvez \u00e9galement voyager en train depuis les a\u00e9roports les plus proches, comme Trieste, Zagreb ou Vienne.<\/p>\n\n\n\n<h2 class=\"wp-block-heading\">Arriv\u00e9e en bus<\/h2>\n\n\n\n<p>Il est assez facile de se rendre en Slov\u00e9nie en bus depuis de nombreuses villes europ\u00e9ennes. Il existe <strong>lignes directes d'autocars<\/strong> de Su\u00e8de et du Danemark, la plupart des autocars internationaux s'arr\u00eatant \u00e0 Ljubljana.<\/p>\n\n\n\n<p>Les fournisseurs \u00e9trangers de transport par autobus de l'UE enregistr\u00e9s n'ont pas besoin de permis sp\u00e9cial pour circuler en Slov\u00e9nie, les autocars de FlixBus et les autobus de Nomago devenant de plus en plus populaires.<\/p>\n\n\n\n<h2 class=\"wp-block-heading\">Ai-je besoin d'un VISA pour la Slov\u00e9nie ?<\/h2>\n\n\n\n<p>Les citoyens des \u00c9tats membres de l'Espace \u00e9conomique europ\u00e9en (EEE) peuvent entrer en Slov\u00e9nie avec un visa d'entr\u00e9e. <strong>une carte d'identit\u00e9 ou un passeport en cours de validit\u00e9<\/strong> et n'ont pas besoin de visa ou de permis de s\u00e9jour.<\/p>\n\n\n\n<p>Les ressortissants de pays tiers doivent obtenir un visa ou un permis de s\u00e9jour aupr\u00e8s de la mission diplomatique de la Slov\u00e9nie \u00e0 l'\u00e9tranger.<\/p>\n\n\n\n<p>* La liste des pays pour lesquels un visa est n\u00e9cessaire pour se rendre en Slov\u00e9nie peut \u00eatre consult\u00e9e sur le site officiel du gouvernement. <a href=\"https:\/\/www.gov.si\/en\/countries\/\">ici<\/a>.<\/p>","protected":false},"excerpt":{"rendered":"<p>Vous pr\u00e9voyez un voyage en Slov\u00e9nie et vous vous demandez comment vous y rendre ? Ne cherchez pas plus loin ! La Slov\u00e9nie est id\u00e9alement situ\u00e9e au centre de l'Europe, ce qui facilite les d\u00e9placements depuis n'importe quelle direction. Que vous veniez par voie a\u00e9rienne, terrestre ou maritime, vous disposez de nombreuses options pour vous rendre dans ce petit pays pourtant si puissant. ... <a href=\"https:\/\/honeymoonslovenia.com\/fr\/comment-se-rendre-en-slovenie\/\">Suite<\/a><\/p>","protected":false},"author":43,"featured_media":0,"parent":0,"menu_order":0,"comment_status":"closed","ping_status":"closed","template":"","meta":{"footnotes":""},"class_list":["post-8800","page","type-page","status-publish","hentry"],"acf":{"page_subheading":""},"_links":{"self":[{"href":"https:\/\/honeymoonslovenia.com\/fr\/wp-json\/wp\/v2\/pages\/8800","targetHints":{"allow":["GET"]}}],"collection":[{"href":"https:\/\/honeymoonslovenia.com\/fr\/wp-json\/wp\/v2\/pages"}],"about":[{"href":"https:\/\/honeymoonslovenia.com\/fr\/wp-json\/wp\/v2\/types\/page"}],"author":[{"embeddable":true,"href":"https:\/\/honeymoonslovenia.com\/fr\/wp-json\/wp\/v2\/users\/43"}],"replies":[{"embeddable":true,"href":"https:\/\/honeymoonslovenia.com\/fr\/wp-json\/wp\/v2\/comments?post=8800"}],"version-history":[{"count":2,"href":"https:\/\/honeymoonslovenia.com\/fr\/wp-json\/wp\/v2\/pages\/8800\/revisions"}],"predecessor-version":[{"id":8808,"href":"https:\/\/honeymoonslovenia.com\/fr\/wp-json\/wp\/v2\/pages\/8800\/revisions\/8808"}],"wp:attachment":[{"href":"https:\/\/honeymoonslovenia.com\/fr\/wp-json\/wp\/v2\/media?parent=8800"}],"curies":[{"name":"wp","href":"https:\/\/api.w.org\/{rel}","templated":true}]}}