{"id":547,"date":"2022-11-08T14:04:28","date_gmt":"2022-11-08T14:04:28","guid":{"rendered":"https:\/\/honeymoonslovenia.com\/?page_id=547"},"modified":"2023-05-03T13:27:40","modified_gmt":"2023-05-03T13:27:40","slug":"about-us","status":"publish","type":"page","link":"https:\/\/honeymoonslovenia.com\/it\/su-di-noi\/","title":{"rendered":"Chi siamo"},"content":{"rendered":"<p>Negli ultimi dieci anni ho lavorato con clienti del settore turistico e li ho aiutati a creare esperienze memorabili. Mi piace lavorare con le persone e scoprire cosa le rende interessanti, e nessuno pi\u00f9 delle coppie di sposi.<\/p>\n\n\n\n<p>L'energia con cui affrontano il mondo mi ispira, e la Slovenia \u00e8 il luogo perfetto per trascorrere la luna di miele.<\/p>\n\n\n\n<h2 class=\"wp-block-heading\">Pi\u00f9 di una pigra vacanza tropicale<\/h2>\n\n\n\n<p>Quando si organizza una luna di miele, \u00e8 facile cadere nella trappola di fare quello che fanno tutti gli altri. Andare in un bel resort sulla spiaggia in un'isola esotica e non avere nulla da fare sembra una buona idea all'apparenza. Ma noi pensiamo che sia estremamente noioso, e lo pensate anche voi.<\/p>\n\n\n\n<p>Ecco perch\u00e9 abbiamo progettato i nostri pacchetti Luna di miele in Slovenia per offrire a voi e al vostro partner un'esperienza senza precedenti: Visitare e vivere realmente il luogo in cui vi trovate. Un'opportunit\u00e0 per esplorare la cultura, la storia e la bellezza della Slovenia, pur avendo il tempo per l'intimit\u00e0 della luna di miele.<\/p>\n\n\n\n<p>Sappiamo che uscire dai sentieri battuti pu\u00f2 essere spaventoso, ma anche eccitante! Vogliamo aiutarvi a sperimentare tutte queste cose e a creare ricordi che dureranno per sempre.<\/p>\n\n\n\n<p>Non preoccupatevi quindi di pianificare ogni singolo dettaglio del vostro viaggio: ce ne occupiamo noi. Abbiamo pensato a tutto noi, in modo che l'unica cosa di cui dobbiate preoccuparvi sia godervi il vostro tempo insieme in uno dei paesi pi\u00f9 belli d'Europa.<\/p>\n\n\n\n<figure class=\"wp-block-image size-large\"><img loading=\"lazy\" decoding=\"async\" width=\"1024\" height=\"614\" src=\"https:\/\/honeymoonslovenia.com\/wp-content\/uploads\/couple-zelenci-1024x614.webp\" alt=\"\" class=\"wp-image-249\" srcset=\"https:\/\/honeymoonslovenia.com\/wp-content\/uploads\/couple-zelenci-1024x614.webp 1024w, https:\/\/honeymoonslovenia.com\/wp-content\/uploads\/couple-zelenci-300x180.webp 300w, https:\/\/honeymoonslovenia.com\/wp-content\/uploads\/couple-zelenci-768x461.webp 768w, https:\/\/honeymoonslovenia.com\/wp-content\/uploads\/couple-zelenci-1536x922.webp 1536w, https:\/\/honeymoonslovenia.com\/wp-content\/uploads\/couple-zelenci-2048x1229.webp 2048w, https:\/\/honeymoonslovenia.com\/wp-content\/uploads\/couple-zelenci-18x12.webp 18w, https:\/\/honeymoonslovenia.com\/wp-content\/uploads\/couple-zelenci-scaled.webp 1920w\" sizes=\"auto, (max-width: 1024px) 100vw, 1024px\" \/><figcaption class=\"wp-element-caption\">Vivere la magia della Slovenia con la persona amata<\/figcaption><\/figure>\n\n\n\n<h2 class=\"wp-block-heading\">La Slovenia \u00e8 una destinazione perfetta per la luna di miele<\/h2>\n\n\n\n<p>Crediamo che una luna di miele debba essere pi\u00f9 di una normale vacanza.<\/p>\n\n\n\n<p>Dovrebbe essere un'opportunit\u00e0 per esplorare un nuovo luogo e vederne tutti i panorami, i suoni e i sapori.<\/p>\n\n\n\n<p>Dovrebbe essere un'avventura che vi porta oltre la vostra zona di comfort e vi d\u00e0 la possibilit\u00e0 di provare qualcosa di nuovo.<\/p>\n\n\n\n<p>Dovrebbe essere unico, interessante e pieno di esperienze emozionanti, e dovrebbe darvi molto tempo per stare insieme.<\/p>\n\n\n\n<figure class=\"wp-block-image size-large\"><img loading=\"lazy\" decoding=\"async\" width=\"1024\" height=\"683\" src=\"https:\/\/honeymoonslovenia.com\/wp-content\/uploads\/private-boat-bled-1-1024x683.webp\" alt=\"\" class=\"wp-image-412\" srcset=\"https:\/\/honeymoonslovenia.com\/wp-content\/uploads\/private-boat-bled-1-1024x683.webp 1024w, https:\/\/honeymoonslovenia.com\/wp-content\/uploads\/private-boat-bled-1-300x200.webp 300w, https:\/\/honeymoonslovenia.com\/wp-content\/uploads\/private-boat-bled-1-768x512.webp 768w, https:\/\/honeymoonslovenia.com\/wp-content\/uploads\/private-boat-bled-1-1536x1024.webp 1536w, https:\/\/honeymoonslovenia.com\/wp-content\/uploads\/private-boat-bled-1-2048x1366.webp 2048w, https:\/\/honeymoonslovenia.com\/wp-content\/uploads\/private-boat-bled-1-18x12.webp 18w, https:\/\/honeymoonslovenia.com\/wp-content\/uploads\/private-boat-bled-1-scaled.webp 1920w\" sizes=\"auto, (max-width: 1024px) 100vw, 1024px\" \/><figcaption class=\"wp-element-caption\">Tanto tempo per l'altro in luoghi incantevoli<\/figcaption><\/figure>\n\n\n\n<p>La Slovenia \u00e8 perfetta per questo, perch\u00e9 offre tutto questo. Non \u00e8 solo un <a href=\"https:\/\/sloveniawedding.com\/\">luogo ideale per i matrimoni<\/a>, ma anche le lune di miele.<\/p>\n\n\n\n<p>Dalle bellezze naturali delle foreste e delle montagne slovene alla ricca cultura delle citt\u00e0 e delle localit\u00e0 costiere. Una variet\u00e0 di sistemazioni - dagli hotel di lusso agli intimi glamping - che comprende strutture benessere e termali di alto livello, soprattutto grazie alla lunga tradizione delle acque termali.<\/p>\n\n\n\n<p>Lavoreremo con voi per creare un itinerario che si adatti alle vostre esigenze e preferenze, in modo che quando arriver\u00e0 il momento del vostro grande giorno, tutto ci\u00f2 che dovrete fare sar\u00e0 presentarvi e godervi il viaggio!<br>Esplora il nostro <a href=\"https:\/\/honeymoonslovenia.com\/it\/packages\/\">pacchetti per la luna di miele<\/a> e trovare l'ispirazione di cui avete bisogno. Se vedete qualcosa che vi piace, mandateci un <a href=\"https:\/\/honeymoonslovenia.com\/it\/inchiesta\/\">inchiesta<\/a>e vi aiuteremo a pianificare la vostra luna di miele perfetta.<\/p>","protected":false},"excerpt":{"rendered":"<p>Negli ultimi dieci anni ho lavorato con clienti del settore turistico e li ho aiutati a creare esperienze memorabili. Mi piace lavorare con le persone e scoprire cosa le rende interessanti, e nessuno pi\u00f9 delle coppie di sposi. L'energia con cui affrontano il mondo mi ispira, e la Slovenia \u00e8 il luogo perfetto per ... <a href=\"https:\/\/honeymoonslovenia.com\/it\/su-di-noi\/\">Continua<\/a><\/p>","protected":false},"author":43,"featured_media":364,"parent":0,"menu_order":0,"comment_status":"closed","ping_status":"closed","template":"","meta":{"footnotes":""},"class_list":["post-547","page","type-page","status-publish","has-post-thumbnail","hentry"],"acf":{"page_subheading":"Honeymoon Slovenia is a brand that specializes in creating honeymoon experiences for couples who want something more than just a regular tropical getaway."},"_links":{"self":[{"href":"https:\/\/honeymoonslovenia.com\/it\/wp-json\/wp\/v2\/pages\/547","targetHints":{"allow":["GET"]}}],"collection":[{"href":"https:\/\/honeymoonslovenia.com\/it\/wp-json\/wp\/v2\/pages"}],"about":[{"href":"https:\/\/honeymoonslovenia.com\/it\/wp-json\/wp\/v2\/types\/page"}],"author":[{"embeddable":true,"href":"https:\/\/honeymoonslovenia.com\/it\/wp-json\/wp\/v2\/users\/43"}],"replies":[{"embeddable":true,"href":"https:\/\/honeymoonslovenia.com\/it\/wp-json\/wp\/v2\/comments?post=547"}],"version-history":[{"count":9,"href":"https:\/\/honeymoonslovenia.com\/it\/wp-json\/wp\/v2\/pages\/547\/revisions"}],"predecessor-version":[{"id":3034,"href":"https:\/\/honeymoonslovenia.com\/it\/wp-json\/wp\/v2\/pages\/547\/revisions\/3034"}],"wp:featuredmedia":[{"embeddable":true,"href":"https:\/\/honeymoonslovenia.com\/it\/wp-json\/wp\/v2\/media\/364"}],"wp:attachment":[{"href":"https:\/\/honeymoonslovenia.com\/it\/wp-json\/wp\/v2\/media?parent=547"}],"curies":[{"name":"wp","href":"https:\/\/api.w.org\/{rel}","templated":true}]}}