{"id":547,"date":"2022-11-08T14:04:28","date_gmt":"2022-11-08T14:04:28","guid":{"rendered":"https:\/\/honeymoonslovenia.com\/?page_id=547"},"modified":"2023-05-03T13:27:40","modified_gmt":"2023-05-03T13:27:40","slug":"about-us","status":"publish","type":"page","link":"https:\/\/honeymoonslovenia.com\/sv\/om-oss\/","title":{"rendered":"Om oss"},"content":{"rendered":"<p>Under de senaste tio \u00e5ren har jag arbetat med kunder inom turistindustrin och hj\u00e4lpt dem att skapa minnesv\u00e4rda upplevelser. Jag \u00e4lskar att arbeta med m\u00e4nniskor och ta reda p\u00e5 vad som f\u00e5r dem att fungera, och ingen annan mest \u00e4n nygifta par.<\/p>\n\n\n\n<p>Den energi med vilken de tar sig an v\u00e4rlden inspirerar mig, och Slovenien \u00e4r den perfekta platsen att tillbringa sin smekm\u00e5nad p\u00e5.<\/p>\n\n\n\n<h2 class=\"wp-block-heading\">Mer \u00e4n en lat tropisk semester<\/h2>\n\n\n\n<p>N\u00e4r du planerar en smekm\u00e5nad \u00e4r det l\u00e4tt att falla i f\u00e4llan att g\u00f6ra som alla andra. Att \u00e5ka till dessa trevliga strandresorter p\u00e5 n\u00e5gon exotisk \u00f6-landskap utan att ha n\u00e5got att g\u00f6ra l\u00e5ter bra p\u00e5 ytan. Men vi tycker att det \u00e4r extremt tr\u00e5kigt - och det tycker du ocks\u00e5.<\/p>\n\n\n\n<p>D\u00e4rf\u00f6r har vi utformat v\u00e5ra paket f\u00f6r br\u00f6llopsresa till Slovenien s\u00e5 att du och din partner f\u00e5r en upplevelse som inte \u00e4r likadan som n\u00e5gon annan: Att bes\u00f6ka och verkligen uppleva platsen ni befinner er p\u00e5. En m\u00f6jlighet att utforska Sloveniens kultur, historia och sk\u00f6nhet samtidigt som ni har tid f\u00f6r intimitet p\u00e5 smekm\u00e5naden.<\/p>\n\n\n\n<p>Vi vet att det kan vara skr\u00e4mmande att g\u00e5 utanf\u00f6r den upptrampade v\u00e4gen - men det \u00e4r ocks\u00e5 sp\u00e4nnande! Vi vill hj\u00e4lpa dig att uppleva alla dessa saker och skapa minnen som kommer att vara f\u00f6r evigt.<\/p>\n\n\n\n<p>S\u00e5 oroa dig inte f\u00f6r att planera varje detalj av din resa - vi tar hand om det \u00e5t dig. Vi har ordnat alla arrangemang s\u00e5 att allt ni beh\u00f6ver oroa er f\u00f6r \u00e4r att njuta av er tid tillsammans i ett av Europas vackraste l\u00e4nder.<\/p>\n\n\n\n<figure class=\"wp-block-image size-large\"><img loading=\"lazy\" decoding=\"async\" width=\"1024\" height=\"614\" src=\"https:\/\/honeymoonslovenia.com\/wp-content\/uploads\/couple-zelenci-1024x614.webp\" alt=\"\" class=\"wp-image-249\" srcset=\"https:\/\/honeymoonslovenia.com\/wp-content\/uploads\/couple-zelenci-1024x614.webp 1024w, https:\/\/honeymoonslovenia.com\/wp-content\/uploads\/couple-zelenci-300x180.webp 300w, https:\/\/honeymoonslovenia.com\/wp-content\/uploads\/couple-zelenci-768x461.webp 768w, https:\/\/honeymoonslovenia.com\/wp-content\/uploads\/couple-zelenci-1536x922.webp 1536w, https:\/\/honeymoonslovenia.com\/wp-content\/uploads\/couple-zelenci-2048x1229.webp 2048w, https:\/\/honeymoonslovenia.com\/wp-content\/uploads\/couple-zelenci-18x12.webp 18w, https:\/\/honeymoonslovenia.com\/wp-content\/uploads\/couple-zelenci-scaled.webp 1920w\" sizes=\"auto, (max-width: 1024px) 100vw, 1024px\" \/><figcaption class=\"wp-element-caption\">Upplev Sloveniens magi med din \u00e4lskade<\/figcaption><\/figure>\n\n\n\n<h2 class=\"wp-block-heading\">Slovenien \u00e4r ett perfekt resm\u00e5l f\u00f6r din smekm\u00e5nad<\/h2>\n\n\n\n<p>Vi anser att en smekm\u00e5nad ska vara mer \u00e4n bara en vanlig semester.<\/p>\n\n\n\n<p>Det ska vara en m\u00f6jlighet f\u00f6r dig att utforska en ny plats och se alla dess sev\u00e4rdheter, ljud och smaker.<\/p>\n\n\n\n<p>Det ska vara ett \u00e4ventyr som tar dig utanf\u00f6r din komfortzon och ger dig en chans att prova n\u00e5got nytt.<\/p>\n\n\n\n<p>Den ska vara unik, intressant och full av sp\u00e4nnande upplevelser - och den ska ge er mycket tid f\u00f6r varandra.<\/p>\n\n\n\n<figure class=\"wp-block-image size-large\"><img loading=\"lazy\" decoding=\"async\" width=\"1024\" height=\"683\" src=\"https:\/\/honeymoonslovenia.com\/wp-content\/uploads\/private-boat-bled-1-1024x683.webp\" alt=\"\" class=\"wp-image-412\" srcset=\"https:\/\/honeymoonslovenia.com\/wp-content\/uploads\/private-boat-bled-1-1024x683.webp 1024w, https:\/\/honeymoonslovenia.com\/wp-content\/uploads\/private-boat-bled-1-300x200.webp 300w, https:\/\/honeymoonslovenia.com\/wp-content\/uploads\/private-boat-bled-1-768x512.webp 768w, https:\/\/honeymoonslovenia.com\/wp-content\/uploads\/private-boat-bled-1-1536x1024.webp 1536w, https:\/\/honeymoonslovenia.com\/wp-content\/uploads\/private-boat-bled-1-2048x1366.webp 2048w, https:\/\/honeymoonslovenia.com\/wp-content\/uploads\/private-boat-bled-1-18x12.webp 18w, https:\/\/honeymoonslovenia.com\/wp-content\/uploads\/private-boat-bled-1-scaled.webp 1920w\" sizes=\"auto, (max-width: 1024px) 100vw, 1024px\" \/><figcaption class=\"wp-element-caption\">Mycket tid f\u00f6r varandra p\u00e5 vackra platser<\/figcaption><\/figure>\n\n\n\n<p>Slovenien \u00e4r perfekt f\u00f6r det, eftersom det erbjuder allt det ovan n\u00e4mnda. Det \u00e4r inte bara en <a href=\"https:\/\/sloveniawedding.com\/\">bra plats f\u00f6r br\u00f6llop<\/a>, men \u00e4ven smekm\u00e5nader.<\/p>\n\n\n\n<p>Fr\u00e5n den naturliga sk\u00f6nheten i Sloveniens skogar och berg till den rika kulturen i st\u00e4derna och kustst\u00e4derna. En m\u00e4ngd olika boenden - fr\u00e5n lyxhotell till intima glampings - inklusive f\u00f6rstklassiga wellness- och spaanl\u00e4ggningar, s\u00e4rskilt p\u00e5 grund av den l\u00e5nga traditionen av termiska vatten.<\/p>\n\n\n\n<p>Vi samarbetar med dig f\u00f6r att skapa en resplan som passar dina behov och \u00f6nskem\u00e5l, s\u00e5 att n\u00e4r det \u00e4r dags f\u00f6r din stora dag beh\u00f6ver du bara dyka upp och njuta av resan!<br>Utforska v\u00e5r <a href=\"https:\/\/honeymoonslovenia.com\/sv\/packages\/\">paket f\u00f6r smekm\u00e5nad<\/a> och hitta den inspiration du beh\u00f6ver. Om du ser n\u00e5got som du gillar, skicka oss ett meddelande. <a href=\"https:\/\/honeymoonslovenia.com\/sv\/forfragan\/\">F\u00f6rfr\u00e5gan<\/a>s\u00e5 hj\u00e4lper vi dig att planera din perfekta smekm\u00e5nad.<\/p>","protected":false},"excerpt":{"rendered":"<p>Under de senaste tio \u00e5ren har jag arbetat med kunder inom turistbranschen och hj\u00e4lpt dem att skapa minnesv\u00e4rda upplevelser. Jag \u00e4lskar att arbeta med m\u00e4nniskor och ta reda p\u00e5 vad som driver dem, och ingen annan g\u00f6r det mer \u00e4n nygifta par. Den energi med vilken de tar sig an v\u00e4rlden inspirerar mig, och Slovenien \u00e4r det perfekta... <a href=\"https:\/\/honeymoonslovenia.com\/sv\/om-oss\/\">Forts\u00e4ttning<\/a><\/p>","protected":false},"author":43,"featured_media":364,"parent":0,"menu_order":0,"comment_status":"closed","ping_status":"closed","template":"","meta":{"footnotes":""},"class_list":["post-547","page","type-page","status-publish","has-post-thumbnail","hentry"],"acf":{"page_subheading":"Honeymoon Slovenia is a brand that specializes in creating honeymoon experiences for couples who want something more than just a regular tropical getaway."},"_links":{"self":[{"href":"https:\/\/honeymoonslovenia.com\/sv\/wp-json\/wp\/v2\/pages\/547","targetHints":{"allow":["GET"]}}],"collection":[{"href":"https:\/\/honeymoonslovenia.com\/sv\/wp-json\/wp\/v2\/pages"}],"about":[{"href":"https:\/\/honeymoonslovenia.com\/sv\/wp-json\/wp\/v2\/types\/page"}],"author":[{"embeddable":true,"href":"https:\/\/honeymoonslovenia.com\/sv\/wp-json\/wp\/v2\/users\/43"}],"replies":[{"embeddable":true,"href":"https:\/\/honeymoonslovenia.com\/sv\/wp-json\/wp\/v2\/comments?post=547"}],"version-history":[{"count":9,"href":"https:\/\/honeymoonslovenia.com\/sv\/wp-json\/wp\/v2\/pages\/547\/revisions"}],"predecessor-version":[{"id":3034,"href":"https:\/\/honeymoonslovenia.com\/sv\/wp-json\/wp\/v2\/pages\/547\/revisions\/3034"}],"wp:featuredmedia":[{"embeddable":true,"href":"https:\/\/honeymoonslovenia.com\/sv\/wp-json\/wp\/v2\/media\/364"}],"wp:attachment":[{"href":"https:\/\/honeymoonslovenia.com\/sv\/wp-json\/wp\/v2\/media?parent=547"}],"curies":[{"name":"wp","href":"https:\/\/api.w.org\/{rel}","templated":true}]}}