{"id":8800,"date":"2024-03-22T13:26:34","date_gmt":"2024-03-22T13:26:34","guid":{"rendered":"https:\/\/honeymoonslovenia.com\/?page_id=8800"},"modified":"2024-03-22T13:31:56","modified_gmt":"2024-03-22T13:31:56","slug":"how-to-get-to-slovenia","status":"publish","type":"page","link":"https:\/\/honeymoonslovenia.com\/sv\/hur-man-tar-sig-till-slovenien\/","title":{"rendered":"Hur tar man sig till Slovenien?"},"content":{"rendered":"<p>Planerar du en resa till Slovenien och undrar hur du ska ta dig dit? D\u00e5 beh\u00f6ver du inte leta l\u00e4ngre!<\/p>\n\n\n\n<p>Slovenien \u00e4r bekv\u00e4mt bel\u00e4get <strong>bel\u00e4get i Europas absoluta centrum<\/strong>vilket g\u00f6r det enkelt att ta sig hit fr\u00e5n alla h\u00e5ll. Oavsett om du kommer med flyg, land eller b\u00e5t finns det gott om alternativ f\u00f6r att ta dig till detta lilla, men m\u00e4ktiga land.<\/p>\n\n\n\n<figure class=\"wp-block-image size-full\"><img loading=\"lazy\" decoding=\"async\" width=\"2000\" height=\"1497\" src=\"https:\/\/honeymoonslovenia.com\/wp-content\/uploads\/bled-slovenia-slovenija-aerial-view-of-lake-bled-blejsko-jezero-with-the-pilgrimage-church-of-the-assumption-of-maria-on-a-small-island-stockpack-adobe-stock.webp\" alt=\"Flygfoto \u00f6ver Bled\" class=\"wp-image-8807\"\/><figcaption class=\"wp-element-caption\">Bledsj\u00f6n<\/figcaption><\/figure>\n\n\n\n<p>Med sin fantastiska natur, rika kulturhistoria och v\u00e4lkomnande lokalbefolkning \u00e4r Slovenien det perfekta resm\u00e5let f\u00f6r resen\u00e4rer som vill utforska denna del av Europa.<\/p>\n\n\n\n<p>I den h\u00e4r guiden g\u00e5r vi igenom alla s\u00e4tt att ta sig till Slovenien, s\u00e5 att du enkelt kan planera din resa.<\/p>\n\n\n\n<h2 class=\"wp-block-heading\">Ankomst med flyg<\/h2>\n\n\n\n<p>Att ta ett flyg till Slovenien \u00e4r det b\u00e4sta alternativet f\u00f6r att ta sig hit, s\u00e4rskilt om du inte kommer fr\u00e5n n\u00e5got av de angr\u00e4nsande l\u00e4nderna.<\/p>\n\n\n\n<p>Slovenien har 3 internationella flygplatser (Ljubljana, Maribor, Portoro\u017e).&nbsp;<\/p>\n\n\n\n<p><strong>Ljubljana (Jo\u017ee Pu\u010dnik Airport)<\/strong> - den st\u00f6rsta flygplatsen i Slovenien&nbsp;<\/p>\n\n\n\n<p>Den ligger ca 26 km norr om huvudstaden. Du kan ta en taxi, en flygplatstransfer, hyra en bil eller v\u00e4lja v\u00e5ra transferalternativ, beroende p\u00e5 din resplan.&nbsp;<\/p>\n\n\n\n<p>Ljubljana flygplats \u00e4r det b\u00e4sta alternativet n\u00e4r du reser till Slovenien, s\u00e4rskilt f\u00f6r att bes\u00f6ka platser i den centrala, norra eller nordv\u00e4stra delen av landet.<\/p>\n\n\n\n<p><strong>Maribor (Edvard Rusjan Airport)<\/strong> - andra internationella flygplatsen<\/p>\n\n\n\n<p>Den ligger ca 10 km s\u00f6der om Maribor, den n\u00e4st st\u00f6rsta staden i Slovenien. Resor till och fr\u00e5n flygplatsen g\u00f6rs med taxi eller en f\u00f6rbokad transfer. Maribor Airport anv\u00e4nds huvudsakligen f\u00f6r s\u00e4songs- och charterflyg.&nbsp;<\/p>\n\n\n\n<p><strong>Portoro\u017e flygplats <\/strong>- mindre charter-, aff\u00e4rs- och fraktflygningar<\/p>\n\n\n\n<p>Flygplatsen ligger 6 km s\u00f6der om Portoro\u017e och du kan n\u00e5 f\u00f6ljande st\u00e4der inom en timmes bilresa: Trieste (Italien), Koper, Postojna, Ljubljana (Slovenien) och kroatiska st\u00e4der p\u00e5 halv\u00f6n Istrien.<\/p>\n\n\n\n<p><strong>Trieste Airport (Friuli Venezia Giulia Airport)<\/strong> - Massor av direktflyg, precis \u00f6ver gr\u00e4nsen till Slovenien<\/p>\n\n\n\n<p>Trieste Airport, \u00e4ven k\u00e4nd som Friuli Venezia Giulia Airport, ligger cirka 33 km nordv\u00e4st om Trieste i Italien. Flygplatsen erbjuder direktflyg till en m\u00e4ngd olika destinationer, inklusive st\u00f6rre st\u00e4der och regionala knutpunkter, med flygbolag som Ryanair och ITA Airways. \u00c4ven om det \u00e4r i Italien kan du n\u00e5 Slovenien p\u00e5 mindre \u00e4n 30 minuter och Ljubljana p\u00e5 1 timme och 20 minuter.<\/p>\n\n\n\n<p><strong>Andra alternativa flygplatser n\u00e4ra Slovenien <\/strong>(mindre \u00e4n 2 timmars bilresa):<\/p>\n\n\n\n<p>Den andra mest tillg\u00e4ngliga flygplatsen utanf\u00f6r Slovenien \u00e4r <strong>Venedig<\/strong> (Marco Polo och Treviso), med m\u00e5nga internationella f\u00f6rbindelser. <strong>Zagreb<\/strong> och <strong>Wien<\/strong> \u00e4r ocks\u00e5 bra alternativ, \u00e4ven om den senare ligger lite l\u00e4ngre bort.<\/p>\n\n\n\n<p>Andra alternativ: Pula, Klagenfurt, Graz, Trieste<\/p>\n\n\n\n<h2 class=\"wp-block-heading\">Ankomst med bil<\/h2>\n\n\n\n<p>Att anl\u00e4nda till Slovenien med bil \u00e4r ett bekv\u00e4mt och praktiskt alternativ, eftersom landet har <strong>utm\u00e4rkta f\u00f6rbindelser<\/strong> till resten av Europa via en <strong>n\u00e4tverk av motorv\u00e4gar<\/strong>. Det \u00e4r l\u00e4tt att utforska hela landet med bil, eftersom avst\u00e5nden \u00e4r sm\u00e5 och du kan t\u00e4cka hela landet p\u00e5 bara n\u00e5gra korta k\u00f6rningar.<\/p>\n\n\n\n<p>Slovenien \u00e4r faktiskt den <strong>perfekt resm\u00e5l f\u00f6r en bilresa<\/strong>, eftersom du kommer att kunna ta del av all den fantastiska natursk\u00f6nhet och olika kulturella attraktioner som landet har att erbjuda.<\/p>\n\n\n\n<p>Det \u00e4r viktigt att notera att du kommer att beh\u00f6va <strong>k\u00f6pa en motorv\u00e4gsvinjett<\/strong> f\u00f6r att anv\u00e4nda motorv\u00e4garna i Slovenien. Dessa kan k\u00f6pas p\u00e5 bensinstationer, postkontor och kiosker - men de <strong>b\u00e4sta s\u00e4ttet<\/strong> \u00e4r att <a href=\"https:\/\/evinjeta.dars.si\/en\">k\u00f6p online<\/a>. De \u00e4r tillg\u00e4ngliga f\u00f6r olika l\u00e5ng tid, allt fr\u00e5n en vecka till ett \u00e5r. N\u00e4r du har din vinjett kan du njuta av smidiga, problemfria resor n\u00e4r du utforskar Slovenien med bil.<\/p>\n\n\n\n<h2 class=\"wp-block-heading\">Ankomst med t\u00e5g<\/h2>\n\n\n\n<p>Att ta t\u00e5get till Slovenien \u00e4r hur enkelt som helst. Det finns <strong>goda j\u00e4rnv\u00e4gsf\u00f6rbindelser<\/strong> fr\u00e5n grannl\u00e4nderna och m\u00e5nga andra l\u00e4nder: Kroatien, Italien, \u00d6sterrike, Ungern, Serbien, Tjeckien, Tyskland, Schweiz m.fl.&nbsp;<\/p>\n\n\n\n<p>Slovenien ing\u00e5r i <strong>Eurail Global Pass<\/strong> system.&nbsp;<\/p>\n\n\n\n<p>Du kan ocks\u00e5 resa med t\u00e5g fr\u00e5n n\u00e4rliggande flygplatser, som Trieste, Zagreb eller Wien.<\/p>\n\n\n\n<h2 class=\"wp-block-heading\">Ankomst med buss<\/h2>\n\n\n\n<p>Att resa till Slovenien med buss fr\u00e5n m\u00e5nga europeiska st\u00e4der \u00e4r ganska enkelt. Det finns <strong>direkta busslinjer<\/strong> fr\u00e5n Sverige och Danmark, och de flesta internationella bussar stannar i Ljubljana.<\/p>\n\n\n\n<p>Registrerade utl\u00e4ndska EU-bussleverant\u00f6rer beh\u00f6ver inga s\u00e4rskilda tillst\u00e5nd f\u00f6r att resa genom Slovenien, och FlixBus och Nomago har blivit allt popul\u00e4rare.<\/p>\n\n\n\n<h2 class=\"wp-block-heading\">Beh\u00f6ver jag ett VISA f\u00f6r Slovenien?<\/h2>\n\n\n\n<p>Medborgare i medlemsstaterna i Europeiska ekonomiska samarbetsomr\u00e5det (EES) f\u00e5r resa in i Slovenien med ett <strong>giltigt identitetskort eller giltigt pass<\/strong> och kr\u00e4ver varken visum eller uppeh\u00e5llstillst\u00e5nd.<\/p>\n\n\n\n<p>Tredjelandsmedborgare m\u00e5ste skaffa visum eller uppeh\u00e5llstillst\u00e5nd fr\u00e5n Sloveniens diplomatiska beskickning utomlands.<\/p>\n\n\n\n<p>* Listan \u00f6ver l\u00e4nder som kr\u00e4ver visum till Slovenien kan ses p\u00e5 den officiella regeringens webbplats <a href=\"https:\/\/www.gov.si\/en\/countries\/\">h\u00e4r<\/a>.<\/p>","protected":false},"excerpt":{"rendered":"<p>Planerar du en resa till Slovenien och undrar hur du ska ta dig dit? D\u00e5 beh\u00f6ver du inte leta l\u00e4ngre! Slovenien \u00e4r bekv\u00e4mt bel\u00e4get mitt i Europa, vilket g\u00f6r det l\u00e4tt att ta sig dit fr\u00e5n alla h\u00e5ll. Oavsett om du kommer med flyg, land eller b\u00e5t finns det gott om alternativ f\u00f6r att ta dig till detta lilla, men m\u00e4ktiga land. ... <a href=\"https:\/\/honeymoonslovenia.com\/sv\/hur-man-tar-sig-till-slovenien\/\">Forts\u00e4ttning<\/a><\/p>","protected":false},"author":43,"featured_media":0,"parent":0,"menu_order":0,"comment_status":"closed","ping_status":"closed","template":"","meta":{"footnotes":""},"class_list":["post-8800","page","type-page","status-publish","hentry"],"acf":{"page_subheading":""},"_links":{"self":[{"href":"https:\/\/honeymoonslovenia.com\/sv\/wp-json\/wp\/v2\/pages\/8800","targetHints":{"allow":["GET"]}}],"collection":[{"href":"https:\/\/honeymoonslovenia.com\/sv\/wp-json\/wp\/v2\/pages"}],"about":[{"href":"https:\/\/honeymoonslovenia.com\/sv\/wp-json\/wp\/v2\/types\/page"}],"author":[{"embeddable":true,"href":"https:\/\/honeymoonslovenia.com\/sv\/wp-json\/wp\/v2\/users\/43"}],"replies":[{"embeddable":true,"href":"https:\/\/honeymoonslovenia.com\/sv\/wp-json\/wp\/v2\/comments?post=8800"}],"version-history":[{"count":2,"href":"https:\/\/honeymoonslovenia.com\/sv\/wp-json\/wp\/v2\/pages\/8800\/revisions"}],"predecessor-version":[{"id":8808,"href":"https:\/\/honeymoonslovenia.com\/sv\/wp-json\/wp\/v2\/pages\/8800\/revisions\/8808"}],"wp:attachment":[{"href":"https:\/\/honeymoonslovenia.com\/sv\/wp-json\/wp\/v2\/media?parent=8800"}],"curies":[{"name":"wp","href":"https:\/\/api.w.org\/{rel}","templated":true}]}}